{"id":217,"date":"2012-05-01T15:26:29","date_gmt":"2012-05-01T13:26:29","guid":{"rendered":"http:\/\/localhost\/stand-by\/wp\/?page_id=217"},"modified":"2020-07-08T13:56:51","modified_gmt":"2020-07-08T13:56:51","slug":"jeune-couple","status":"publish","type":"page","link":"http:\/\/stand-by.ch\/?page_id=217","title":{"rendered":"Jeune couple"},"content":{"rendered":"<h1><span style=\"color: #006699; font-family: Arial;\">Offrir \u00e0 un jeune couple les cl\u00e9s d&#8217;un mariage r\u00e9ussi<\/span><\/h1>\n<p><a href=\"http:\/\/stand-by.ch\/?page_id=14\">Commander<\/a><\/p>\n<p><span style=\"font-family: Arial;\">Vous pouvez faire un cadeau de mariage qui donnera au couple un bon d\u00e9part dans la vie conjugale.<\/span><br \/>\n<strong><span style=\"font-family: Arial;\">Trois sessions de coaching durant les 18 premiers mois du mariage<\/span><\/strong><br \/>\n<span style=\"font-family: Arial;\">Alors qu&#8217;il pourrait sembler que la pr\u00e9paration au mariage devrait \u00eatre suffisante, les couples posent rarement les bonnes questions avant de se marier. Certaines phases de la vie apportent \u00e0 la fois des joies et des d\u00e9fis, et savoir comment agir dans ces moments est vraiment essentiel pour le couple.<\/span><br \/>\n<span style=\"font-family: Arial;\">In\u00e9vitablement, un couple de jeunes mari\u00e9s attendra que les choses deviennent vraiment difficiles avant de commencer \u00e0 chercher de l&#8217;aide. Ils pensent que les probl\u00e8mes dispara\u00eetront tout simplement avec le temps, o\u00f9 que leur partenaire va soudainement se r\u00e9veiller (\u00e0 ce qui se passe) et entamer un changement. La frustration grandit, et soudain une tr\u00e8s bonne relation se transforme en un champ de bataille. <\/span><br \/>\n<span style=\"font-family: Arial; color: #ff0000;\">\u00abJe suis surprise et choqu\u00e9e de constater que beaucoup de mes amis qui se sont mari\u00e9s juste avant nous sont d\u00e9j\u00e0 en instance de divorce ou en train de passer par de s\u00e9rieux probl\u00e8mes dans leur mariage\u00bb<br \/>\nSol\u00e8ne, 21 ans<\/span><br \/>\n<span style=\"font-family: Arial;\">Ceci n\u2019est pas une in\u00e9luctable fatalit\u00e9. Notre \u00e9quipe est convaincue que quelques s\u00e9ances de coaching cl\u00e9s peuvent inverser cette tendance, et am\u00e9liorer la stabilit\u00e9 et le plaisir de tout mariage. L\u2019important est d&#8217;agir avant que les difficult\u00e9s surviennent.<\/span><\/p>\n<h2><span style=\"font-family: Arial;\">Pourquoi offrir cela comme cadeau?<\/span><\/h2>\n<p><span style=\"font-family: Arial;\">Un jeune couple ne sera g\u00e9n\u00e9ralement pas conscient que l&#8217;aide est disponible, ou pense qu&#8217;il n&#8217;y a pas besoin de parler \u00e0 quelqu&#8217;un. En offrant trois s\u00e9ances de coaching, vous pouvez leur assurer qu&#8217;ils n&#8217;ont pas besoin d&#8217;avoir un probl\u00e8me pour b\u00e9n\u00e9ficier d&#8217;une telle activit\u00e9, et vous leur avez d\u00e9j\u00e0 fourni l&#8217;adresse o\u00f9 aller. En plus, cela ne va rien leur co\u00fbter.<\/span><br \/>\n<span style=\"font-family: Arial;\">Une fois que le couple est venu pour quelques s\u00e9ances, il se rendra compte que s&#8217;il y a une difficult\u00e9 dans leur relation, ce processus va les aider \u00e0 la traverser avec un maximum de chances de succ\u00e8s. Plus tard, si quelque chose arrive encore, le couple sait d\u00e9j\u00e0 qui contacter. Il dispose ainsi d\u2019une exp\u00e9rience positive en parlant \u00e0 quelqu&#8217;un d&#8217;autre au sujet de leur relation.<\/span><br \/>\n<span style=\"font-family: Arial;\">Cet investissement va \u00eatre un grand avantage pour eux, et aussi pour leurs enfants. C&#8217;est une sorte de \u00abgarantie de service apr\u00e8s vente\u00bb qui permet au couple de r\u00e9aliser leurs espoirs et leurs r\u00eaves dans la relation qu&#8217;ils ont choisie.<\/span><\/p>\n<h2><span style=\"font-family: Arial;\">Qui va faire le coaching?<\/span><\/h2>\n<p><span style=\"font-family: Arial;\">Un des membres de notre \u00e9quipe professionnelle se charge du couple. Nous avons des milliers d&#8217;heures d&#8217;exp\u00e9rience de travail parmi les couples, et si vous voulez, vous pouvez demander \u00e0 \u00eatre mis en contact avec l&#8217;un ou l\u2019autre de l&#8217;\u00e9quipe. Nous travaillons dans la r\u00e9gion lausannoise, mais si le couple habite trop loin pour s\u2019y rendre, nous pouvons lui recommander des personnes comp\u00e9tentes dans leur r\u00e9gion.<\/span><\/p>\n<h2><span style=\"font-family: Arial;\">Combien \u00e7a co\u00fbte?<\/span><\/h2>\n<p><span style=\"font-family: Arial;\">Trois sessions co\u00fbtent CHF 240.-. Une fois que vous avez command\u00e9 ce cadeau pour le couple, nous vous confirmerons la disponibilit\u00e9 d&#8217;un coach. Vous payez pour les sessions et vous donnez une brochure explicative au couple. Pour valider le cadeau, ils ont besoin de prendre rendez-vous dans les 6 premiers mois de leur mariage. Le dernier des trois rendez-vous doit \u00eatre pris, au maximum,12 mois plus tard.<\/span><\/p>\n","protected":false},"excerpt":{"rendered":"<p>Offrir \u00e0 un jeune couple les cl\u00e9s d&#8217;un mariage r\u00e9ussi Commander Vous pouvez faire un cadeau de mariage qui donnera au couple un bon d\u00e9part dans la vie conjugale. Trois sessions de coaching durant les 18 premiers mois du mariage &hellip; <a href=\"http:\/\/stand-by.ch\/?page_id=217\">Continue reading <span class=\"meta-nav\">&rarr;<\/span><\/a><\/p>\n","protected":false},"author":2,"featured_media":0,"parent":68,"menu_order":12,"comment_status":"closed","ping_status":"closed","template":"onecolumn-page.php","meta":[],"_links":{"self":[{"href":"http:\/\/stand-by.ch\/index.php?rest_route=\/wp\/v2\/pages\/217"}],"collection":[{"href":"http:\/\/stand-by.ch\/index.php?rest_route=\/wp\/v2\/pages"}],"about":[{"href":"http:\/\/stand-by.ch\/index.php?rest_route=\/wp\/v2\/types\/page"}],"author":[{"embeddable":true,"href":"http:\/\/stand-by.ch\/index.php?rest_route=\/wp\/v2\/users\/2"}],"replies":[{"embeddable":true,"href":"http:\/\/stand-by.ch\/index.php?rest_route=%2Fwp%2Fv2%2Fcomments&post=217"}],"version-history":[{"count":4,"href":"http:\/\/stand-by.ch\/index.php?rest_route=\/wp\/v2\/pages\/217\/revisions"}],"predecessor-version":[{"id":556,"href":"http:\/\/stand-by.ch\/index.php?rest_route=\/wp\/v2\/pages\/217\/revisions\/556"}],"up":[{"embeddable":true,"href":"http:\/\/stand-by.ch\/index.php?rest_route=\/wp\/v2\/pages\/68"}],"wp:attachment":[{"href":"http:\/\/stand-by.ch\/index.php?rest_route=%2Fwp%2Fv2%2Fmedia&parent=217"}],"curies":[{"name":"wp","href":"https:\/\/api.w.org\/{rel}","templated":true}]}}