{"id":398,"date":"2016-11-01T11:46:32","date_gmt":"2016-11-01T09:46:32","guid":{"rendered":"http:\/\/www.stand-by.ch\/?page_id=398"},"modified":"2019-12-07T18:14:55","modified_gmt":"2019-12-07T18:14:55","slug":"any","status":"publish","type":"page","link":"http:\/\/stand-by.ch\/?page_id=398","title":{"rendered":"Pr\u00e9paration au mariage"},"content":{"rendered":"<p><span style=\"font-size: medium;\">Pris dans la magie de leur jour du mariage, bien des couples oublient de pr\u00e9parer leur vie de couple! L\u2019exp\u00e9rience d\u00e9montre que la possibilit\u00e9 d\u2019aborder des sujets divers ensemble avant le mariage aide \u00e9norm\u00e9ment \u00e0 la r\u00e9ussite de la vie \u00e0 deux.<\/span><br \/>\n<a href=\"http:\/\/stand-by.ch\/wp-content\/uploads\/2016\/11\/Nr2-crop150dpi.jpg\"><img decoding=\"async\" loading=\"lazy\" class=\"alignright size-medium wp-image-384\" title=\"preparation au mariage 1\" src=\"http:\/\/stand-by.ch\/wp-content\/uploads\/2016\/11\/Nr2-crop150dpi-196x300.jpg\" alt=\"\" width=\"196\" height=\"300\" srcset=\"http:\/\/stand-by.ch\/wp-content\/uploads\/2016\/11\/Nr2-crop150dpi-196x300.jpg 196w, http:\/\/stand-by.ch\/wp-content\/uploads\/2016\/11\/Nr2-crop150dpi.jpg 645w\" sizes=\"(max-width: 196px) 100vw, 196px\" \/><\/a><br \/>\nVous pouvez participer \u00e0 un questionnaire sp\u00e9cifiquement con\u00e7u pour mettre vos diff\u00e9rences en \u00e9vidence, et d\u2019explorer ces domaines avec un coach personnel. Nous parlerons de vos amis, familles, espoirs et craintes. En plus nous aborderons votre approche \u00e0 l\u2019argent, les r\u00f4les de l\u2019homme et la femme dans vos cultures, la sexualit\u00e9 et les enfants. Nous parlerons \u00e9videmment de vos v\u0153ux de mariage et de la journ\u00e9e de c\u00e9l\u00e9bration. Un programme plus que complet, qui ne s\u2019arr\u00eate pas au mariage mais est con\u00e7u pour vous accompagner plus loin.<br \/>\nIl existe aussi des ressources\/cours sur vid\u00e9o.<\/p>\n","protected":false},"excerpt":{"rendered":"<p>Pris dans la magie de leur jour du mariage, bien des couples oublient de pr\u00e9parer leur vie de couple! L\u2019exp\u00e9rience d\u00e9montre que la possibilit\u00e9 d\u2019aborder des sujets divers ensemble avant le mariage aide \u00e9norm\u00e9ment \u00e0 la r\u00e9ussite de la vie &hellip; <a href=\"http:\/\/stand-by.ch\/?page_id=398\">Continue reading <span class=\"meta-nav\">&rarr;<\/span><\/a><\/p>\n","protected":false},"author":2,"featured_media":0,"parent":68,"menu_order":0,"comment_status":"closed","ping_status":"closed","template":"onecolumn-page.php","meta":[],"_links":{"self":[{"href":"http:\/\/stand-by.ch\/index.php?rest_route=\/wp\/v2\/pages\/398"}],"collection":[{"href":"http:\/\/stand-by.ch\/index.php?rest_route=\/wp\/v2\/pages"}],"about":[{"href":"http:\/\/stand-by.ch\/index.php?rest_route=\/wp\/v2\/types\/page"}],"author":[{"embeddable":true,"href":"http:\/\/stand-by.ch\/index.php?rest_route=\/wp\/v2\/users\/2"}],"replies":[{"embeddable":true,"href":"http:\/\/stand-by.ch\/index.php?rest_route=%2Fwp%2Fv2%2Fcomments&post=398"}],"version-history":[{"count":1,"href":"http:\/\/stand-by.ch\/index.php?rest_route=\/wp\/v2\/pages\/398\/revisions"}],"predecessor-version":[{"id":514,"href":"http:\/\/stand-by.ch\/index.php?rest_route=\/wp\/v2\/pages\/398\/revisions\/514"}],"up":[{"embeddable":true,"href":"http:\/\/stand-by.ch\/index.php?rest_route=\/wp\/v2\/pages\/68"}],"wp:attachment":[{"href":"http:\/\/stand-by.ch\/index.php?rest_route=%2Fwp%2Fv2%2Fmedia&parent=398"}],"curies":[{"name":"wp","href":"https:\/\/api.w.org\/{rel}","templated":true}]}}