{"id":66,"date":"2012-04-30T13:36:08","date_gmt":"2012-04-30T11:36:08","guid":{"rendered":"http:\/\/localhost\/stand-by\/wp\/?page_id=66"},"modified":"2012-04-30T13:36:08","modified_gmt":"2012-04-30T11:36:08","slug":"home-2","status":"publish","type":"page","link":"http:\/\/stand-by.ch\/","title":{"rendered":"Home"},"content":{"rendered":"<h4>Une philosophie centr\u00e9e sur les relations  interpersonnelles<\/h4>\n<p><strong>Soit en entretien individuel, soit en  entreprise.<br \/>\nPour chaque  individu,\u00a0la sant\u00e9 relationnelle\u00a0est un\u00a0facteur important;<br \/>\nle bien-\u00eatre  de chacun et l&#8217;int\u00e9gration dans une \u00e9quipe en\u00a0d\u00e9pend.<br \/>\nStand-by propose des  interventions de qualit\u00e9 \u00e0 diff\u00e9rents\u00a0niveaux.<\/strong><br \/>\nLa possibilit\u00e9 d&#8217;entrer en contact avec les membres d&#8217;une \u00e9quipe  polyvalente vous assure la meilleure possibilit\u00e9 de faire face \u00e0\u00a0vos  d\u00e9fis. Chaque personne garde sa sp\u00e9cialisation. Vous  serez en contact avec un seul interlocuteur, et vos informations  personnelles ne sont pas partag\u00e9es. L&#8217;\u00e9quipe collabore pour vous offrir des  services compl\u00e9mentaires quand cela est n\u00e9cessaire.<br \/>\n&nbsp;<br \/>\n&nbsp;<\/p>\n","protected":false},"excerpt":{"rendered":"<p>Une philosophie centr\u00e9e sur les relations interpersonnelles Soit en entretien individuel, soit en entreprise. Pour chaque individu,\u00a0la sant\u00e9 relationnelle\u00a0est un\u00a0facteur important; le bien-\u00eatre de chacun et l&#8217;int\u00e9gration dans une \u00e9quipe en\u00a0d\u00e9pend. Stand-by propose des interventions de qualit\u00e9 \u00e0 diff\u00e9rents\u00a0niveaux. La &hellip; <a href=\"http:\/\/stand-by.ch\/\">Continue reading <span class=\"meta-nav\">&rarr;<\/span><\/a><\/p>\n","protected":false},"author":2,"featured_media":0,"parent":0,"menu_order":1,"comment_status":"closed","ping_status":"closed","template":"","meta":[],"_links":{"self":[{"href":"http:\/\/stand-by.ch\/index.php?rest_route=\/wp\/v2\/pages\/66"}],"collection":[{"href":"http:\/\/stand-by.ch\/index.php?rest_route=\/wp\/v2\/pages"}],"about":[{"href":"http:\/\/stand-by.ch\/index.php?rest_route=\/wp\/v2\/types\/page"}],"author":[{"embeddable":true,"href":"http:\/\/stand-by.ch\/index.php?rest_route=\/wp\/v2\/users\/2"}],"replies":[{"embeddable":true,"href":"http:\/\/stand-by.ch\/index.php?rest_route=%2Fwp%2Fv2%2Fcomments&post=66"}],"version-history":[{"count":0,"href":"http:\/\/stand-by.ch\/index.php?rest_route=\/wp\/v2\/pages\/66\/revisions"}],"wp:attachment":[{"href":"http:\/\/stand-by.ch\/index.php?rest_route=%2Fwp%2Fv2%2Fmedia&parent=66"}],"curies":[{"name":"wp","href":"https:\/\/api.w.org\/{rel}","templated":true}]}}