{"id":79,"date":"2012-04-30T13:45:13","date_gmt":"2012-04-30T11:45:13","guid":{"rendered":"http:\/\/localhost\/stand-by\/wp\/?page_id=79"},"modified":"2026-02-09T10:45:38","modified_gmt":"2026-02-09T10:45:38","slug":"intervenants-2","status":"publish","type":"page","link":"http:\/\/stand-by.ch\/?page_id=79","title":{"rendered":"Intervenants"},"content":{"rendered":"\n<div class=\"wp-block-columns is-layout-flex wp-container-3\">\n<div class=\"wp-block-column is-layout-flow\" style=\"flex-basis:100%\">\n<div class=\"wp-block-group is-layout-constrained\"><div class=\"wp-block-group__inner-container\">\n<figure class=\"wp-block-table\"><table><tbody><tr><td><\/td><td><\/td><\/tr><tr><td><\/td><td><\/td><\/tr><tr><td><img decoding=\"async\" loading=\"lazy\" src=\"http:\/\/www.stand-by.ch\/PMnew-2.gif\" alt=\"\" width=\"111\" height=\"85\" border=\"0\"><\/td><td><span style=\"color: red; font-family: Arial;\">Paul Marsh<\/span><span style=\"font-family: Arial;\"><br>Formateur d&#8217;adultes et de jeunes adultes depuis trente-cinq ans, Paul Marsh est d\u2019origine britannique. Parmi ses interventions en Suisse figurent le CHUV, la HET-SL \u00e0 Lausanne, la fondation IPT, et des s\u00e9minaires et interventions ponctuels dans divers \u00e9tablissements. Il est aujourd&#8217;hui sp\u00e9cialis\u00e9 dans le domaine des couples et des familles. En plus de ses engagements comme formateur et coach pour couples, il travaille comme coordinateur et coach dans plusieurs projets nationaux et internationaux.<\/span><\/td><\/tr><tr><td><\/td><td><\/td><\/tr><\/tbody><\/table><\/figure>\n<\/div><\/div>\n<\/div>\n<\/div>\n","protected":false},"excerpt":{"rendered":"<p>Paul MarshFormateur d&#8217;adultes et de jeunes adultes depuis trente-cinq ans, Paul Marsh est d\u2019origine britannique. Parmi ses interventions en Suisse figurent le CHUV, la HET-SL \u00e0 Lausanne, la fondation IPT, et des s\u00e9minaires et interventions ponctuels dans divers \u00e9tablissements. Il &hellip; <a href=\"http:\/\/stand-by.ch\/?page_id=79\">Continue reading <span class=\"meta-nav\">&rarr;<\/span><\/a><\/p>\n","protected":false},"author":2,"featured_media":0,"parent":0,"menu_order":30,"comment_status":"closed","ping_status":"closed","template":"onecolumn-page.php","meta":[],"_links":{"self":[{"href":"http:\/\/stand-by.ch\/index.php?rest_route=\/wp\/v2\/pages\/79"}],"collection":[{"href":"http:\/\/stand-by.ch\/index.php?rest_route=\/wp\/v2\/pages"}],"about":[{"href":"http:\/\/stand-by.ch\/index.php?rest_route=\/wp\/v2\/types\/page"}],"author":[{"embeddable":true,"href":"http:\/\/stand-by.ch\/index.php?rest_route=\/wp\/v2\/users\/2"}],"replies":[{"embeddable":true,"href":"http:\/\/stand-by.ch\/index.php?rest_route=%2Fwp%2Fv2%2Fcomments&post=79"}],"version-history":[{"count":5,"href":"http:\/\/stand-by.ch\/index.php?rest_route=\/wp\/v2\/pages\/79\/revisions"}],"predecessor-version":[{"id":644,"href":"http:\/\/stand-by.ch\/index.php?rest_route=\/wp\/v2\/pages\/79\/revisions\/644"}],"wp:attachment":[{"href":"http:\/\/stand-by.ch\/index.php?rest_route=%2Fwp%2Fv2%2Fmedia&parent=79"}],"curies":[{"name":"wp","href":"https:\/\/api.w.org\/{rel}","templated":true}]}}