{"id":68,"date":"2012-04-30T13:36:28","date_gmt":"2012-04-30T13:36:28","guid":{"rendered":"http:\/\/localhost\/stand-by\/wp\/?page_id=68"},"modified":"2021-04-15T16:31:01","modified_gmt":"2021-04-15T16:31:01","slug":"coaching-2","status":"publish","type":"page","link":"https:\/\/stand-by.ch\/?page_id=68","title":{"rendered":"Coaching"},"content":{"rendered":"<h2><span style=\"color: #888888; font-family: Arial;\">Coaching<\/span><\/h2>\n<p><span style=\"font-family: Arial;\">Un regard ext\u00e9rieur, des questions pertinentes et un accompagnement dans la mani\u00e8re de percevoir et d&#8217;agir. <\/span><br \/>\n<span style=\"font-family: Arial;\">Un coaching \u00e0\u00a0court ou moyen terme aide \u00e0  surmonter des moments d\u00e9fiants. <\/span><br \/>\n<span style=\"font-family: Arial;\">La meilleure solution pour chaque situation  est tr\u00e8s\u00a0individuelle, et nos coachs proposent un accompagnement  professionnel et personnalis\u00e9.<\/span><br \/>\n<span style=\"font-family: Arial;\">Le coaching individuel peut \u00a0\u00eatre  appliqu\u00e9\u00a0dans les domaines personnel ou professionnel<\/span><\/p>\n","protected":false},"excerpt":{"rendered":"<p>Coaching Un regard ext\u00e9rieur, des questions pertinentes et un accompagnement dans la mani\u00e8re de percevoir et d&#8217;agir. Un coaching \u00e0\u00a0court ou moyen terme aide \u00e0 surmonter des moments d\u00e9fiants. La meilleure solution pour chaque situation est tr\u00e8s\u00a0individuelle, et nos coachs &hellip; <a href=\"https:\/\/stand-by.ch\/?page_id=68\">Continue reading <span class=\"meta-nav\">&rarr;<\/span><\/a><\/p>\n","protected":false},"author":2,"featured_media":0,"parent":0,"menu_order":10,"comment_status":"closed","ping_status":"closed","template":"onecolumn-page.php","meta":[],"_links":{"self":[{"href":"https:\/\/stand-by.ch\/index.php?rest_route=\/wp\/v2\/pages\/68"}],"collection":[{"href":"https:\/\/stand-by.ch\/index.php?rest_route=\/wp\/v2\/pages"}],"about":[{"href":"https:\/\/stand-by.ch\/index.php?rest_route=\/wp\/v2\/types\/page"}],"author":[{"embeddable":true,"href":"https:\/\/stand-by.ch\/index.php?rest_route=\/wp\/v2\/users\/2"}],"replies":[{"embeddable":true,"href":"https:\/\/stand-by.ch\/index.php?rest_route=%2Fwp%2Fv2%2Fcomments&post=68"}],"version-history":[{"count":1,"href":"https:\/\/stand-by.ch\/index.php?rest_route=\/wp\/v2\/pages\/68\/revisions"}],"predecessor-version":[{"id":512,"href":"https:\/\/stand-by.ch\/index.php?rest_route=\/wp\/v2\/pages\/68\/revisions\/512"}],"wp:attachment":[{"href":"https:\/\/stand-by.ch\/index.php?rest_route=%2Fwp%2Fv2%2Fmedia&parent=68"}],"curies":[{"name":"wp","href":"https:\/\/api.w.org\/{rel}","templated":true}]}}